{"id":233,"date":"2019-11-07T19:32:43","date_gmt":"2019-11-07T19:32:43","guid":{"rendered":"http:\/\/colibaverde.ro\/kucko\/?page_id=233"},"modified":"2019-11-07T19:32:57","modified_gmt":"2019-11-07T19:32:57","slug":"taborok-gyerekenek-es-szuloknek","status":"publish","type":"page","link":"https:\/\/colibaverde.ro\/kucko\/taborok-gyerekenek-es-szuloknek\/","title":{"rendered":"T\u00e1borok gyerekenek \u00e9s sz\u00fcl\u0151knek"},"content":{"rendered":"<h4 style=\"text-align: center;\"><strong>Az oldal tartalma \u00e9p\u00edt\u00e9s alatt van. Hamarosan befejezz\u00fck a szerkeszt\u00e9s\u00e9t! K\u00f6sz\u00f6nj\u00fck a t\u00fcrelmedet, visszav\u00e1runk!<\/strong><\/h4>\n<!-- AddThis Advanced Settings generic via filter on the_content --><!-- AddThis Share Buttons generic via filter on the_content -->","protected":false},"excerpt":{"rendered":"<p>Az oldal tartalma \u00e9p\u00edt\u00e9s alatt van. Hamarosan befejezz\u00fck a szerkeszt\u00e9s\u00e9t! K\u00f6sz\u00f6nj\u00fck a t\u00fcrelmedet, visszav\u00e1runk!<!-- AddThis Advanced Settings generic via filter on get_the_excerpt --><!-- AddThis Share Buttons generic via filter on get_the_excerpt --><\/p>\n","protected":false},"author":1,"featured_media":0,"parent":0,"menu_order":0,"comment_status":"closed","ping_status":"closed","template":"","meta":{"ngg_post_thumbnail":0,"footnotes":""},"class_list":["post-233","page","type-page","status-publish","hentry"],"jetpack_sharing_enabled":true,"_links":{"self":[{"href":"https:\/\/colibaverde.ro\/kucko\/wp-json\/wp\/v2\/pages\/233","targetHints":{"allow":["GET"]}}],"collection":[{"href":"https:\/\/colibaverde.ro\/kucko\/wp-json\/wp\/v2\/pages"}],"about":[{"href":"https:\/\/colibaverde.ro\/kucko\/wp-json\/wp\/v2\/types\/page"}],"author":[{"embeddable":true,"href":"https:\/\/colibaverde.ro\/kucko\/wp-json\/wp\/v2\/users\/1"}],"replies":[{"embeddable":true,"href":"https:\/\/colibaverde.ro\/kucko\/wp-json\/wp\/v2\/comments?post=233"}],"version-history":[{"count":1,"href":"https:\/\/colibaverde.ro\/kucko\/wp-json\/wp\/v2\/pages\/233\/revisions"}],"predecessor-version":[{"id":234,"href":"https:\/\/colibaverde.ro\/kucko\/wp-json\/wp\/v2\/pages\/233\/revisions\/234"}],"wp:attachment":[{"href":"https:\/\/colibaverde.ro\/kucko\/wp-json\/wp\/v2\/media?parent=233"}],"curies":[{"name":"wp","href":"https:\/\/api.w.org\/{rel}","templated":true}]}}